{"id":21826,"date":"2018-02-16T16:28:37","date_gmt":"2018-02-16T15:28:37","guid":{"rendered":"https:\/\/www.lebaldescreateurs.com\/terms-and-conditions-of-sale\/"},"modified":"2018-02-16T16:28:37","modified_gmt":"2018-02-16T15:28:37","slug":"terms-and-conditions-of-sale","status":"publish","type":"page","link":"https:\/\/www.lebaldescreateurs.com\/en\/terms-and-conditions-of-sale\/","title":{"rendered":"Terms and Conditions of Sale"},"content":{"rendered":"<h2>1. Definition<\/h2>\n<p>In the T&amp;Cs, terms beginning with a capital letter have the following meaning.<\/p>\n<p><strong>Special Conditions<\/strong>: any special conditions mentioned on the Site in connection with a particular product(s).<\/p>\n<p><strong>Customer<\/strong>: any person placing an order via the Site.<\/p>\n<p><strong>Calendar Days<\/strong>: weekdays, including weekends and public holidays officially recognized by the cantonal legislation applicable to the Bal des Cr\u00e9ateurs headquarters.<\/p>\n<p><strong>Working days<\/strong>: weekdays, excluding weekends and public holidays officially recognized by the cantonal legislation applicable to the headquarters of Le Bal des Cr\u00e9ateurs.<\/p>\n<p><strong>Customer service<\/strong>: Bal des Cr\u00e9ateurs customer service.<\/p>\n<p>Other terms beginning with a capital letter have the meaning attributed to them in the <a href=\"https:\/\/www.lebaldescreateurs.com\/conditions-utilisation\/\">Terms of Use<\/a>.<\/p>\n<h2>2. Scope of application and modification of the GTC<\/h2>\n<p>The GCS govern the contractual relationship &#8211; and form an integral part of the contract &#8211; between Le Bal des Cr\u00e9ateurs, on the one hand, and the Customer, on the other. They form an integral part of the <a href=\"https:\/\/www.lebaldescreateurs.com\/conditions-utilisation\/\">Terms of Use<\/a>, which apply in all other respects. In the event of any discrepancies between the GTC and the <a href=\"https:\/\/www.lebaldescreateurs.com\/conditions-utilisation\/\">Terms<\/a> of Use, the former shall prevail.<\/p>\n<p>By placing an order or making an appointment via the Site, the Customer acknowledges having read, understood and accepted, without reservation, the General Terms and Conditions of Sale. In the event of disagreement with the GCS, the Customer shall refrain from placing an order or making an appointment via the Site.<\/p>\n<p>Le Bal des Cr\u00e9ateurs reserves the right to modify the GTC, at any time and without notice, by publishing a new version of the GTC on the Site (which cancels and replaces the existing and previous version). Any order placed or appointment made after the publication by Le Bal des Cr\u00e9ateurs of a new version of the GCS implies acceptance of this new version.<\/p>\n<p>The Special Terms and Conditions are an integral part of the General Terms and Conditions, which apply in all other respects. In the event of any discrepancy between the Special Terms and Conditions and the GTCS, the Special Terms and Conditions shall prevail.<\/p>\n<h2>3. Information mentioned on the Site<\/h2>\n<p>Although Le Bal des Cr\u00e9ateurs strives to provide its customers with the most complete and accurate information possible, the photos, videos and texts illustrating and describing our services, as well as the stock levels mentioned on the Site, are non-contractual and are provided for information purposes only. They do not constitute an offer on the part of Le Bal des Cr\u00e9ateurs (which does not guarantee their accuracy) and can in no way be qualified as guarantees or promised qualities.<\/p>\n<h2>4. Registration<\/h2>\n<p>The Customer is solely responsible for the accuracy and completeness of the data he\/she provides when registering on the Site. If necessary, the customer must inform Bal des Cr\u00e9ateurs of any changes to the data he or she has provided, immediately updating his or her profile.<\/p>\n<p>The Customer must provide a valid e-mail address to which all communications relating to the appointment or order will be sent. It is the Customer&#8217;s responsibility to keep this address up to date and to take note of e-mails sent by Le Bal des Cr\u00e9ateurs. The Customer shall also configure &#8211; and regularly check &#8211; his &#8220;junk mail&#8221; box to ensure that no Bal des Cr\u00e9ateurs e-mail appears there. Any communication made to the Customer by e-mail will be considered as received by the latter on the effective date and time of receipt, but no later than 24 hours after it is sent by Le Bal des Cr\u00e9ateurs.<\/p>\n<h2>5. Appointment and order process<\/h2>\n<p>Only Customers who have reached the age of majority, are capable of discernment and are not under guardianship may make an appointment or place an order via the Site.<\/p>\n<p>To make an appointment or place an order, the Customer must follow the procedure available on the Site. All other appointment or order procedures are excluded.<\/p>\n<p>By making an appointment or placing an order, the Customer binds himself and declares that he is making <span style=\"text-decoration: underline;\">a firm and definitive request<\/span> to Bal des Cr\u00e9ateurs <span style=\"text-decoration: underline;\">for the appointment selected<\/span>, under the conditions indicated on the Site. Formally, the Customer makes an appointment (subject to the resolutory conditions set out in articles 10 to 12) from the moment Le Bal des Cr\u00e9ateurs sends the Appointment Confirmation to the Customer.  <span style=\"text-decoration: underline;\">Le Bal des Cr\u00e9ateurs reserves the right to refuse an appointment at its own discretion, without being obliged to give reasons<\/span>.<\/p>\n<p>The data recorded by Le Bal des Cr\u00e9ateurs constitutes irrefutable proof that an appointment has been made. The data recorded by the payment system constitutes irrefutable proof of financial transactions.<\/p>\n<h2>6. Awards<\/h2>\n<p>Le Bal des Cr\u00e9ateurs reserves the right to modify its prices and price lists at any time. Only the price indicated in the Appointment Confirmation is binding.<\/p>\n<p>Prices shown on the Site are in Swiss francs (CHF) and include VAT and SWICO tax where applicable. They do not include any additional taxes that may be required by law.Prices shown on the Site are valid only in Switzerland and the Principality of Liechtenstein.<\/p>\n<h2>7. Payment<\/h2>\n<p>The payment methods accepted by Le Bal des Cr\u00e9ateurs are exclusively those indicated on the Site.<\/p>\n<p>All appointments are subject to the <span style=\"text-decoration: underline;\">prior payment of<\/span> a deposit of at least 10% of the total amount excluding VAT of the service ordered, or of the total amount including VAT of the services requested. If Le Bal des Cr\u00e9ateurs exceptionally refuses to make an appointment, the amount paid by the Customer will be refunded (without interest). If only a deposit has been paid, Le Bal des Cr\u00e9ateurs will inform the customer of the procedure to follow to pay the balance of the price. If, despite a reminder e-mail from Bal des Cr\u00e9ateurs, the Customer does not pay the balance, for any reason whatsoever,  <span style=\"text-decoration: underline;\">Le Bal des Cr\u00e9ateurs will be released from its obligation to provide a service and the deposit may be retained by Le Bal des Cr\u00e9ateurs as contractual penalty.<\/span>This is to settle all accounts and claims in connection with the service(s) concerned.<\/p>\n<p><i>ATTENTION: Only cancellations made 3h00 in advance will be accepted. All bookings confirmed by sms and\/or by our reception are now subject to a deposit to avoid missed or forgotten appointments. We regret this measure, which we had to take due to the large number of missed appointments, and thank you for your understanding.<\/i><\/p>\n<p>Payments are made via servers provided and secured by Bal des Cr\u00e9ateurs&#8217; partner financial institutions, so that no financial information concerning the Customer passes through our servers.<\/p>\n<p>The risk of a malfunction of the payment system is borne by the Customer, at the entire discharge of Bal des Cr\u00e9ateurs.<\/p>\n<h2>9. Gift vouchers<\/h2>\n<p>Customers can purchase gift vouchers through the Site. These are transferable and can therefore be offered to third parties. Gift vouchers cannot be acquired by means of a discount or commercial offer granted to the Customer (e.g. a discount that would have been granted or an amount that would have been offered by Le Bal des Cr\u00e9ateurs).<\/p>\n<p>Gift vouchers have a value of CHF 10, 20, 50, 100, 200 or 500 and can be used to order products or services on the Site, supplemented if necessary with another means of payment accepted by Le Bal des Cr\u00e9ateurs. However, they cannot be added together.<\/p>\n<p>The value of a gift voucher cannot be paid out in cash and does not earn interest.<\/p>\n<p>Each gift voucher is valid for two years from the date of purchase.<\/p>\n<p>Gift vouchers are delivered in electronic format directly to the purchaser&#8217;s customer account. The latter is then solely responsible for access to &#8211; and the use, possible transmission and conservation of &#8211; the gift vouchers he\/she has acquired. Gift vouchers will not be replaced or refunded in the event of theft, loss or damage. Bal des Cr\u00e9ateurs accepts no liability for the use of a gift voucher by an unauthorized person.<\/p>\n<p>The resale or use of gift vouchers for commercial purposes, in any form whatsoever, is prohibited. The reproduction or edition of Bal des Cr\u00e9ateurs gift vouchers is also prohibited.<\/p>\n<h2>10. Summary of terms and conditions<\/h2>\n<p>For ease of understanding, all or part of the T&amp;Cs may be summarized in an insert in the margin of the T&amp;Cs. This summary does not form part of the General Terms and Conditions, which alone are binding. It is provided for information purposes only and is not contractually binding. The Customer shall not be entitled to rely thereon.<\/p>\n<p><em>Updated in October 2019.  <\/em><br \/>\n<em>  The General Terms and Conditions of Sale are protected by copyright. Any reproduction, distribution or other use of the General Terms and Conditions of Sale, in modified or unmodified form, is prohibited without the prior written consent of the author. Unauthorized use of the General Terms and Conditions of Sale will be prosecuted.<\/em><\/p>\n","protected":false},"excerpt":{"rendered":"<p>1. Definition In the T&amp;Cs, terms beginning with a capital letter have the following meaning. Special Conditions: any special conditions mentioned on the Site in connection with a particular product(s). Customer: any person placing an order via the Site. Calendar Days: weekdays, including weekends and public holidays officially recognized by the cantonal legislation applicable to the Bal des Cr\u00e9ateurs headquarters. Working days: weekdays, excluding weekends and public holidays officially recognized by the cantonal legislation applicable to the headquarters of Le Bal des Cr\u00e9ateurs. Customer service: Bal des Cr\u00e9ateurs customer service. Other terms beginning with a capital letter have the meaning attributed to them in the Terms of Use. 2. Scope of application and modification of the GTC The GCS govern the contractual relationship &#8211; and form an integral part of the contract &#8211; between Le Bal des Cr\u00e9ateurs, on the one hand, and the Customer, on the other. They form an integral part of the Terms of Use, which apply in all other respects. In the event of any discrepancies between the GTC and the Terms of Use, the former shall prevail. By placing an order or making an appointment via the Site, the Customer acknowledges having read, understood and accepted, without reservation, the General Terms and Conditions of Sale. In the event of disagreement with the GCS, the Customer shall refrain from placing an order or making an appointment via the Site. Le Bal des Cr\u00e9ateurs reserves the right to modify the GTC, at any time and without notice, by publishing a new version of the GTC on the Site (which cancels and replaces the existing and previous version). Any order placed or appointment made after the publication by Le Bal des Cr\u00e9ateurs of a new version of the GCS implies acceptance of this new version. The Special Terms and Conditions are an integral part of the General Terms and Conditions, which apply in all other respects. In the event of any discrepancy between the Special Terms and Conditions and the GTCS, the Special Terms and Conditions shall prevail. 3. Information mentioned on the Site Although Le Bal des Cr\u00e9ateurs strives to provide its customers with the most complete and accurate information possible, the photos, videos and texts illustrating and describing our services, as well as the stock levels mentioned on the Site, are non-contractual and are provided for information purposes only. They do not constitute an offer on the part of Le Bal des Cr\u00e9ateurs (which does not guarantee their accuracy) and can in no way be qualified as guarantees or promised qualities. 4. Registration The Customer is solely responsible for the accuracy and completeness of the data he\/she provides when registering on the Site. If necessary, the customer must inform Bal des Cr\u00e9ateurs of any changes to the data he or she has provided, immediately updating his or her profile. The Customer must provide a valid e-mail address to which all communications relating to the appointment or order will be sent. It is the Customer&#8217;s responsibility to keep this address up to date and to take note of e-mails sent by Le Bal des Cr\u00e9ateurs. The Customer shall also configure &#8211; and regularly check &#8211; his &#8220;junk mail&#8221; box to ensure that no Bal des Cr\u00e9ateurs e-mail appears there. Any communication made to the Customer by e-mail will be considered as received by the latter on the effective date and time of receipt, but no later than 24 hours after it is sent by Le Bal des Cr\u00e9ateurs. 5. Appointment and order process Only Customers who have reached the age of majority, are capable of discernment and are not under guardianship may make an appointment or place an order via the Site. To make an appointment or place an order, the Customer must follow the procedure available on the Site. All other appointment or order procedures are excluded. By making an appointment or placing an order, the Customer binds himself and declares that he is making a firm and definitive request to Bal des Cr\u00e9ateurs for the appointment selected, under the conditions indicated on the Site. Formally, the Customer makes an appointment (subject to the resolutory conditions set out in articles 10 to 12) from the moment Le Bal des Cr\u00e9ateurs sends the Appointment Confirmation to the Customer. Le Bal des Cr\u00e9ateurs reserves the right to refuse an appointment at its own discretion, without being obliged to give reasons. The data recorded by Le Bal des Cr\u00e9ateurs constitutes irrefutable proof that an appointment has been made. The data recorded by the payment system constitutes irrefutable proof of financial transactions. 6. Awards Le Bal des Cr\u00e9ateurs reserves the right to modify its prices and price lists at any time. Only the price indicated in the Appointment Confirmation is binding. Prices shown on the Site are in Swiss francs (CHF) and include VAT and SWICO tax where applicable. They do not include any additional taxes that may be required by law.Prices shown on the Site are valid only in Switzerland and the Principality of Liechtenstein. 7. Payment The payment methods accepted by Le Bal des Cr\u00e9ateurs are exclusively those indicated on the Site. All appointments are subject to the prior payment of a deposit of at least 10% of the total amount excluding VAT of the service ordered, or of the total amount including VAT of the services requested. If Le Bal des Cr\u00e9ateurs exceptionally refuses to make an appointment, the amount paid by the Customer will be refunded (without interest). If only a deposit has been paid, Le Bal des Cr\u00e9ateurs will inform the customer of the procedure to follow to pay the balance of the price. If, despite a reminder e-mail from Bal des Cr\u00e9ateurs, the Customer does not pay the balance, for any reason whatsoever, Le Bal des Cr\u00e9ateurs will be released from its obligation to provide a service and the deposit may be retained by Le Bal des Cr\u00e9ateurs as contractual penalty.This is to settle all accounts and claims in connection with the service(s)<\/p>\n","protected":false},"author":3,"featured_media":0,"parent":0,"menu_order":0,"comment_status":"closed","ping_status":"closed","template":"","meta":{"footnotes":""},"class_list":["post-21826","page","type-page","status-publish","hentry"],"_links":{"self":[{"href":"https:\/\/www.lebaldescreateurs.com\/en\/wp-json\/wp\/v2\/pages\/21826","targetHints":{"allow":["GET"]}}],"collection":[{"href":"https:\/\/www.lebaldescreateurs.com\/en\/wp-json\/wp\/v2\/pages"}],"about":[{"href":"https:\/\/www.lebaldescreateurs.com\/en\/wp-json\/wp\/v2\/types\/page"}],"author":[{"embeddable":true,"href":"https:\/\/www.lebaldescreateurs.com\/en\/wp-json\/wp\/v2\/users\/3"}],"replies":[{"embeddable":true,"href":"https:\/\/www.lebaldescreateurs.com\/en\/wp-json\/wp\/v2\/comments?post=21826"}],"version-history":[{"count":0,"href":"https:\/\/www.lebaldescreateurs.com\/en\/wp-json\/wp\/v2\/pages\/21826\/revisions"}],"wp:attachment":[{"href":"https:\/\/www.lebaldescreateurs.com\/en\/wp-json\/wp\/v2\/media?parent=21826"}],"curies":[{"name":"wp","href":"https:\/\/api.w.org\/{rel}","templated":true}]}}